{"id":3,"date":"2025-05-12T08:54:51","date_gmt":"2025-05-12T08:54:51","guid":{"rendered":"https:\/\/defensanews.com\/?page_id=3"},"modified":"2025-05-12T20:18:16","modified_gmt":"2025-05-12T20:18:16","slug":"politica-de-privacidad","status":"publish","type":"page","link":"https:\/\/defensanews.com\/en\/privacy-policy\/","title":{"rendered":"Privacy Policy"},"content":{"rendered":"<h3 class=\"wp-block-heading\">1. Introduction<\/h3>\n\n\n\n<p>Welcome to <strong>DefenseNews.com<\/strong>. Your privacy and the protection of your personal data are important to us.<br>This Privacy Policy describes how we collect, use, store and protect your personal information in accordance with the European Union's General Data Protection Regulation (GDPR) and applicable privacy regulations.<\/p>\n\n\n\n<p>Since 2025, <strong>DefenseNews.com<\/strong> is owned by <strong>Leonardo Network S.r.l.<\/strong>with registered office in Via dell'Argento, 13 - 58023 Gavorrano (GR), Italy, VAT number: IT01771820538. Leonardo Network manages this site with the same commitment as always to the protection of personal data.<\/p>\n\n\n\n<hr class=\"wp-block-separator has-alpha-channel-opacity\"\/>\n\n\n\n<h3 class=\"wp-block-heading\">Data Collection<\/h3>\n\n\n\n<p>We collect personal data when you register on the site, fill out a form or interact with the platform's features (such as commenting on articles).<br>The data collected may include, but is not limited to, your name and e-mail address.<\/p>\n\n\n\n<hr class=\"wp-block-separator has-alpha-channel-opacity\"\/>\n\n\n\n<h3 class=\"wp-block-heading\">3. Purpose of Processing<\/h3>\n\n\n\n<p>The personal data collected is used for:<\/p>\n\n\n\n<ul class=\"wp-block-list\">\n<li>To provide you with access to the site and to personalize your experience at <strong>DefenseNews.com<\/strong>.<\/li>\n\n\n\n<li>Communicate with you about updates, news and relevant content.<\/li>\n\n\n\n<li>Improve the services and functionalities of the platform.<\/li>\n\n\n\n<li>Comply with the legal obligations and regulations in force.<\/li>\n<\/ul>\n\n\n\n<hr class=\"wp-block-separator has-alpha-channel-opacity\"\/>\n\n\n\n<h3 class=\"wp-block-heading\">4. Data Sharing<\/h3>\n\n\n\n<p><strong>DefenseNews.com<\/strong> does not sell, rent or lease your personal data to third parties for commercial purposes.<br>Data may be shared only:<\/p>\n\n\n\n<ul class=\"wp-block-list\">\n<li>With reliable technical suppliers that support the management of the site, under the responsibility of Leonardo Network S.r.l., in compliance with privacy regulations.<\/li>\n\n\n\n<li>In case of legal obligation with the competent authorities.<\/li>\n\n\n\n<li>When necessary to protect our rights, the security of the site, users or third parties.<\/li>\n<\/ul>\n\n\n\n<hr class=\"wp-block-separator has-alpha-channel-opacity\"\/>\n\n\n\n<h3 class=\"wp-block-heading\">5. Data Security<\/h3>\n\n\n\n<p>Your personal data will be retained for the time strictly necessary to provide the requested services, comply with legal obligations or for the maximum period permitted by applicable law.<\/p>\n\n\n\n<hr class=\"wp-block-separator has-alpha-channel-opacity\"\/>\n\n\n\n<h3 class=\"wp-block-heading\">6. Data Retention<\/h3>\n\n\n\n<p>The data will be kept securely and only for as long as necessary for the purposes mentioned above.<\/p>\n\n\n\n<hr class=\"wp-block-separator has-alpha-channel-opacity\"\/>\n\n\n\n<h3 class=\"wp-block-heading\">7. User Rights<\/h3>\n\n\n\n<p>At any time, you may exercise your rights under the GDPR, including:<\/p>\n\n\n\n<ul class=\"wp-block-list\">\n<li>Access to your personal data.<\/li>\n\n\n\n<li>Rectification or elimination of the same.<\/li>\n\n\n\n<li>Limitation or opposition to data processing.<\/li>\n\n\n\n<li>Data portability.<\/li>\n<\/ul>\n\n\n\n<p>To exercise these rights, you can contact us via e-mail at <strong><a>info@defensanews.com<\/a><\/strong>.<\/p>\n\n\n\n<hr class=\"wp-block-separator has-alpha-channel-opacity\"\/>\n\n\n\n<h3 class=\"wp-block-heading\">8. Modifications to the Privacy Policy<\/h3>\n\n\n\n<p>We reserve the right to modify this Privacy Policy at any time.<br>Updates will be posted on this page, so please check back periodically.<\/p>\n\n\n\n<hr class=\"wp-block-separator has-alpha-channel-opacity\"\/>\n\n\n\n<h3 class=\"wp-block-heading\">9. Contact<\/h3>\n\n\n\n<p>For any request or inquiry related to this Privacy Policy, you may contact us through:<\/p>\n\n\n\n<p>\ud83d\udce7 <strong>E-mail:<\/strong> <a>info@defensanews.com<\/a><br>\ud83d\udccd <strong>Address:<\/strong> Leonardo Network S.r.l. - Via dell'Argento, 13 - 58023 Gavorrano (GR), Italy<br>\ud83d\udcde <strong>Phone:<\/strong> +39 0566 196 63 59<\/p>","protected":false},"excerpt":{"rendered":"<p>1. Introducci\u00f3n Bienvenidos a DefensaNews.com. Su privacidad y la protecci\u00f3n de sus datos personales son fundamentales para nosotros.La presente Pol\u00edtica de Privacidad describe c\u00f3mo recopilamos, utilizamos, almacenamos y protegemos su informaci\u00f3n personal, de conformidad con el Reglamento General de Protecci\u00f3n de Datos (GDPR) de la Uni\u00f3n Europea y las normativas vigentes en materia de privacidad. [&hellip;]<\/p>","protected":false},"author":1,"featured_media":0,"parent":0,"menu_order":0,"comment_status":"closed","ping_status":"open","template":"","meta":{"_acf_changed":false,"footnotes":""},"class_list":["post-3","page","type-page","status-publish","hentry"],"acf":[],"yoast_head":"<!-- This site is optimized with the Yoast SEO Premium plugin v25.0 (Yoast SEO v25.0) - https:\/\/yoast.com\/wordpress\/plugins\/seo\/ -->\n<title>Pol\u00edtica de Privacidad<\/title>\n<meta name=\"robots\" content=\"index, follow, max-snippet:-1, max-image-preview:large, max-video-preview:-1\" \/>\n<link rel=\"canonical\" href=\"https:\/\/defensanews.com\/en\/privacy-policy\/\" \/>\n<meta property=\"og:locale\" content=\"en_US\" \/>\n<meta property=\"og:type\" content=\"article\" \/>\n<meta property=\"og:title\" content=\"Pol\u00edtica de Privacidad\" \/>\n<meta property=\"og:description\" content=\"1. Introducci\u00f3n Bienvenidos a DefensaNews.com. Su privacidad y la protecci\u00f3n de sus datos personales son fundamentales para nosotros.La presente Pol\u00edtica de Privacidad describe c\u00f3mo recopilamos, utilizamos, almacenamos y protegemos su informaci\u00f3n personal, de conformidad con el Reglamento General de Protecci\u00f3n de Datos (GDPR) de la Uni\u00f3n Europea y las normativas vigentes en materia de privacidad. [&hellip;]\" \/>\n<meta property=\"og:url\" content=\"https:\/\/defensanews.com\/en\/privacy-policy\/\" \/>\n<meta property=\"og:site_name\" content=\"NOTICIAS DEFENSA, GEOPOL\u00cdTICA Y SEGURIDAD\" \/>\n<meta property=\"article:publisher\" content=\"https:\/\/www.facebook.com\/defensanewscom\/\" \/>\n<meta property=\"article:modified_time\" content=\"2025-05-12T20:18:16+00:00\" \/>\n<meta property=\"og:image\" content=\"https:\/\/defensanews.com\/wp-content\/uploads\/2025\/05\/DN-1200.jpg\" \/>\n\t<meta property=\"og:image:width\" content=\"1200\" \/>\n\t<meta property=\"og:image:height\" content=\"675\" \/>\n\t<meta property=\"og:image:type\" content=\"image\/jpeg\" \/>\n<meta name=\"twitter:card\" content=\"summary_large_image\" \/>\n<meta name=\"twitter:label1\" content=\"Est. reading time\" \/>\n\t<meta name=\"twitter:data1\" content=\"2 minutes\" \/>\n<script type=\"application\/ld+json\" class=\"yoast-schema-graph\">{\"@context\":\"https:\/\/schema.org\",\"@graph\":[{\"@type\":\"WebPage\",\"@id\":\"https:\/\/defensanews.com\/politica-de-privacidad\/\",\"url\":\"https:\/\/defensanews.com\/politica-de-privacidad\/\",\"name\":\"Pol\u00edtica de Privacidad\",\"isPartOf\":{\"@id\":\"https:\/\/defensanews.com\/#website\"},\"datePublished\":\"2025-05-12T08:54:51+00:00\",\"dateModified\":\"2025-05-12T20:18:16+00:00\",\"breadcrumb\":{\"@id\":\"https:\/\/defensanews.com\/politica-de-privacidad\/#breadcrumb\"},\"inLanguage\":\"en-US\",\"potentialAction\":[{\"@type\":\"ReadAction\",\"target\":[\"https:\/\/defensanews.com\/politica-de-privacidad\/\"]}]},{\"@type\":\"BreadcrumbList\",\"@id\":\"https:\/\/defensanews.com\/politica-de-privacidad\/#breadcrumb\",\"itemListElement\":[{\"@type\":\"ListItem\",\"position\":1,\"name\":\"Portada\",\"item\":\"https:\/\/defensanews.com\/\"},{\"@type\":\"ListItem\",\"position\":2,\"name\":\"Pol\u00edtica de Privacidad\"}]},{\"@type\":\"WebSite\",\"@id\":\"https:\/\/defensanews.com\/#website\",\"url\":\"https:\/\/defensanews.com\/\",\"name\":\"NOTICIAS DEFENSA Y SEGURIDAD\",\"description\":\"DEFENSA NEWS\",\"publisher\":{\"@id\":\"https:\/\/defensanews.com\/#organization\"},\"alternateName\":\"DEFENSANEWS.COM\",\"potentialAction\":[{\"@type\":\"SearchAction\",\"target\":{\"@type\":\"EntryPoint\",\"urlTemplate\":\"https:\/\/defensanews.com\/?s={search_term_string}\"},\"query-input\":{\"@type\":\"PropertyValueSpecification\",\"valueRequired\":true,\"valueName\":\"search_term_string\"}}],\"inLanguage\":\"en-US\"},{\"@type\":\"Organization\",\"@id\":\"https:\/\/defensanews.com\/#organization\",\"name\":\"Leonardo Network S.r.l.\",\"alternateName\":\"Leonardo Network S.r.l.\",\"url\":\"https:\/\/defensanews.com\/\",\"logo\":{\"@type\":\"ImageObject\",\"inLanguage\":\"en-US\",\"@id\":\"https:\/\/defensanews.com\/#\/schema\/logo\/image\/\",\"url\":\"https:\/\/defensanews.com\/wp-content\/uploads\/2025\/05\/DN-1200.jpg\",\"contentUrl\":\"https:\/\/defensanews.com\/wp-content\/uploads\/2025\/05\/DN-1200.jpg\",\"width\":1200,\"height\":675,\"caption\":\"Leonardo Network S.r.l.\"},\"image\":{\"@id\":\"https:\/\/defensanews.com\/#\/schema\/logo\/image\/\"},\"sameAs\":[\"https:\/\/www.facebook.com\/defensanewscom\/\",\"https:\/\/www.instagram.com\/defensanews\/\"],\"description\":\"DEFENSANEWS.COM, la plataforma digital independiente dedicada a las noticias sobre defensa y seguridad de Espa\u00f1a, Am\u00e9rica Latina y Estados Unidos.\",\"email\":\"info@defensanews.com\",\"telephone\":\"05661966359\",\"legalName\":\"Leonardo Network S.r.l.\",\"foundingDate\":\"2024-05-11\",\"vatID\":\"IT01749180533\",\"numberOfEmployees\":{\"@type\":\"QuantitativeValue\",\"minValue\":\"1\",\"maxValue\":\"10\"},\"publishingPrinciples\":\"https:\/\/defensanews.com\/terminos-y-condiciones\/\"}]}<\/script>\n<!-- \/ Yoast SEO Premium plugin. -->","yoast_head_json":{"title":"Pol\u00edtica de Privacidad","robots":{"index":"index","follow":"follow","max-snippet":"max-snippet:-1","max-image-preview":"max-image-preview:large","max-video-preview":"max-video-preview:-1"},"canonical":"https:\/\/defensanews.com\/en\/privacy-policy\/","og_locale":"en_US","og_type":"article","og_title":"Pol\u00edtica de Privacidad","og_description":"1. Introducci\u00f3n Bienvenidos a DefensaNews.com. Su privacidad y la protecci\u00f3n de sus datos personales son fundamentales para nosotros.La presente Pol\u00edtica de Privacidad describe c\u00f3mo recopilamos, utilizamos, almacenamos y protegemos su informaci\u00f3n personal, de conformidad con el Reglamento General de Protecci\u00f3n de Datos (GDPR) de la Uni\u00f3n Europea y las normativas vigentes en materia de privacidad. [&hellip;]","og_url":"https:\/\/defensanews.com\/en\/privacy-policy\/","og_site_name":"NOTICIAS DEFENSA, GEOPOL\u00cdTICA Y SEGURIDAD","article_publisher":"https:\/\/www.facebook.com\/defensanewscom\/","article_modified_time":"2025-05-12T20:18:16+00:00","og_image":[{"width":1200,"height":675,"url":"https:\/\/defensanews.com\/wp-content\/uploads\/2025\/05\/DN-1200.jpg","type":"image\/jpeg"}],"twitter_card":"summary_large_image","twitter_misc":{"Est. reading time":"2 minutes"},"schema":{"@context":"https:\/\/schema.org","@graph":[{"@type":"WebPage","@id":"https:\/\/defensanews.com\/politica-de-privacidad\/","url":"https:\/\/defensanews.com\/politica-de-privacidad\/","name":"Pol\u00edtica de Privacidad","isPartOf":{"@id":"https:\/\/defensanews.com\/#website"},"datePublished":"2025-05-12T08:54:51+00:00","dateModified":"2025-05-12T20:18:16+00:00","breadcrumb":{"@id":"https:\/\/defensanews.com\/politica-de-privacidad\/#breadcrumb"},"inLanguage":"en-US","potentialAction":[{"@type":"ReadAction","target":["https:\/\/defensanews.com\/politica-de-privacidad\/"]}]},{"@type":"BreadcrumbList","@id":"https:\/\/defensanews.com\/politica-de-privacidad\/#breadcrumb","itemListElement":[{"@type":"ListItem","position":1,"name":"Portada","item":"https:\/\/defensanews.com\/"},{"@type":"ListItem","position":2,"name":"Pol\u00edtica de Privacidad"}]},{"@type":"WebSite","@id":"https:\/\/defensanews.com\/#website","url":"https:\/\/defensanews.com\/","name":"NOTICIAS DEFENSA Y SEGURIDAD","description":"DEFENSA NEWS","publisher":{"@id":"https:\/\/defensanews.com\/#organization"},"alternateName":"DEFENSANEWS.COM","potentialAction":[{"@type":"SearchAction","target":{"@type":"EntryPoint","urlTemplate":"https:\/\/defensanews.com\/?s={search_term_string}"},"query-input":{"@type":"PropertyValueSpecification","valueRequired":true,"valueName":"search_term_string"}}],"inLanguage":"en-US"},{"@type":"Organization","@id":"https:\/\/defensanews.com\/#organization","name":"Leonardo Network S.r.l.","alternateName":"Leonardo Network S.r.l.","url":"https:\/\/defensanews.com\/","logo":{"@type":"ImageObject","inLanguage":"en-US","@id":"https:\/\/defensanews.com\/#\/schema\/logo\/image\/","url":"https:\/\/defensanews.com\/wp-content\/uploads\/2025\/05\/DN-1200.jpg","contentUrl":"https:\/\/defensanews.com\/wp-content\/uploads\/2025\/05\/DN-1200.jpg","width":1200,"height":675,"caption":"Leonardo Network S.r.l."},"image":{"@id":"https:\/\/defensanews.com\/#\/schema\/logo\/image\/"},"sameAs":["https:\/\/www.facebook.com\/defensanewscom\/","https:\/\/www.instagram.com\/defensanews\/"],"description":"DEFENSANEWS.COM, la plataforma digital independiente dedicada a las noticias sobre defensa y seguridad de Espa\u00f1a, Am\u00e9rica Latina y Estados Unidos.","email":"info@defensanews.com","telephone":"05661966359","legalName":"Leonardo Network S.r.l.","foundingDate":"2024-05-11","vatID":"IT01749180533","numberOfEmployees":{"@type":"QuantitativeValue","minValue":"1","maxValue":"10"},"publishingPrinciples":"https:\/\/defensanews.com\/terminos-y-condiciones\/"}]}},"_links":{"self":[{"href":"https:\/\/defensanews.com\/en\/wp-json\/wp\/v2\/pages\/3","targetHints":{"allow":["GET"]}}],"collection":[{"href":"https:\/\/defensanews.com\/en\/wp-json\/wp\/v2\/pages"}],"about":[{"href":"https:\/\/defensanews.com\/en\/wp-json\/wp\/v2\/types\/page"}],"author":[{"embeddable":true,"href":"https:\/\/defensanews.com\/en\/wp-json\/wp\/v2\/users\/1"}],"replies":[{"embeddable":true,"href":"https:\/\/defensanews.com\/en\/wp-json\/wp\/v2\/comments?post=3"}],"version-history":[{"count":1,"href":"https:\/\/defensanews.com\/en\/wp-json\/wp\/v2\/pages\/3\/revisions"}],"predecessor-version":[{"id":1776,"href":"https:\/\/defensanews.com\/en\/wp-json\/wp\/v2\/pages\/3\/revisions\/1776"}],"wp:attachment":[{"href":"https:\/\/defensanews.com\/en\/wp-json\/wp\/v2\/media?parent=3"}],"curies":[{"name":"wp","href":"https:\/\/api.w.org\/{rel}","templated":true}]}}